{"id":21,"date":"2019-09-09T05:26:30","date_gmt":"2019-09-09T05:26:30","guid":{"rendered":"http:\/\/mgym.no\/?page_id=21"},"modified":"2019-09-09T05:28:20","modified_gmt":"2019-09-09T05:28:20","slug":"hvorfor-navnet-mensendieck","status":"publish","type":"page","link":"https:\/\/mgym.no\/?page_id=21","title":{"rendered":"Hvorfor navnet Mensendieck?"},"content":{"rendered":"\n<p>Mensendiecktrening ble\nutviklet av legen Bess Mensendieck i 1910. Bess Mensendieck var p\u00e5 mange m\u00e5ter\nen visjon\u00e6r kvinne som fra sin tid som billedhugger fikk stor interesse for de\nvarierte og vakre menneskelige former og for kroppens mangfoldige arkitektur.\nDette f\u00f8dte ideen om \u00e5 bevare og videreutvikle kroppens maskineri, slik at uheldige\nadferdm\u00f8nstre ikke skulle f\u00f8lges av redusert funksjon. Spesielt opptatt var hun\nog hennes f\u00f8rste medarbeidere av kroppens holdning og av hva hun kalte balanse\ni kroppen. Videre ledet dette til ideen om at hensiktsmessig bruk av kroppen\nkunne lede til forbedret kroppsbevissthet. Dette skulle i sin tur bedre\nmuskelkontroll, koordinasjon og balanse.<\/p>\n","protected":false},"excerpt":{"rendered":"<p>Mensendiecktrening ble utviklet av legen Bess Mensendieck i 1910. Bess Mensendieck var p\u00e5 mange m\u00e5ter en visjon\u00e6r kvinne som fra sin tid som billedhugger fikk stor interesse for de varierte og vakre menneskelige former og for kroppens mangfoldige arkitektur. Dette f\u00f8dte ideen om \u00e5 bevare og videreutvikle kroppens maskineri, slik at uheldige adferdm\u00f8nstre ikke skulle &hellip; <\/p>\n<p class=\"link-more\"><a href=\"https:\/\/mgym.no\/?page_id=21\" class=\"more-link\">Continue reading<span class=\"screen-reader-text\"> &#8220;Hvorfor navnet Mensendieck?&#8221;<\/span><\/a><\/p>\n","protected":false},"author":1,"featured_media":0,"parent":0,"menu_order":0,"comment_status":"closed","ping_status":"closed","template":"","meta":{"footnotes":""},"class_list":["post-21","page","type-page","status-publish","hentry"],"_links":{"self":[{"href":"https:\/\/mgym.no\/index.php?rest_route=\/wp\/v2\/pages\/21","targetHints":{"allow":["GET"]}}],"collection":[{"href":"https:\/\/mgym.no\/index.php?rest_route=\/wp\/v2\/pages"}],"about":[{"href":"https:\/\/mgym.no\/index.php?rest_route=\/wp\/v2\/types\/page"}],"author":[{"embeddable":true,"href":"https:\/\/mgym.no\/index.php?rest_route=\/wp\/v2\/users\/1"}],"replies":[{"embeddable":true,"href":"https:\/\/mgym.no\/index.php?rest_route=%2Fwp%2Fv2%2Fcomments&post=21"}],"version-history":[{"count":3,"href":"https:\/\/mgym.no\/index.php?rest_route=\/wp\/v2\/pages\/21\/revisions"}],"predecessor-version":[{"id":41,"href":"https:\/\/mgym.no\/index.php?rest_route=\/wp\/v2\/pages\/21\/revisions\/41"}],"wp:attachment":[{"href":"https:\/\/mgym.no\/index.php?rest_route=%2Fwp%2Fv2%2Fmedia&parent=21"}],"curies":[{"name":"wp","href":"https:\/\/api.w.org\/{rel}","templated":true}]}}